{"id":3453,"date":"2025-08-01T07:30:46","date_gmt":"2025-08-01T05:30:46","guid":{"rendered":"https:\/\/wenus.cz\/?post_type=product&#038;p=3453"},"modified":"2025-11-10T10:51:21","modified_gmt":"2025-11-10T09:51:21","slug":"satenova-sukne-mini","status":"publish","type":"product","link":"https:\/\/wenusofficial.com\/en\/product\/satenova-sukne-mini\/","title":{"rendered":"Silk Satin Skirt MINI"},"content":{"rendered":"<ul>\n<li style=\"text-align: left;\">sat\u00e9nov\u00e1 sukn\u011b z hedv\u00e1b\u00ed<\/li>\n<li style=\"text-align: left;\">do spole\u010dnosti i na b\u011b\u017en\u00e9 no\u0161en\u00ed<\/li>\n<li style=\"text-align: left;\">100% hedv\u00e1b\u00ed \u2013 hedv\u00e1bn\u00fd sat\u00e9n<\/li>\n<li style=\"text-align: left;\">barva pudrov\u011b r\u016f\u017eov\u00e1<\/li>\n<li style=\"text-align: left;\">d\u00e9lka MINI<\/li>\n<li style=\"text-align: left;\">mo\u017en\u00fd bo\u010dn\u00ed rozparek na objedn\u00e1vku<\/li>\n<li style=\"text-align: left;\">r\u016fzn\u00e9 barevn\u00e9 proveden\u00ed dle v\u00fdb\u011bru<\/li>\n<li style=\"text-align: left;\">velikost XS \u2013 XL, tyto \u0161aty \u0161ijeme exkluzivn\u011b p\u0159\u00edmo na m\u00edru<\/li>\n<li style=\"text-align: left;\">kolekce z n\u00e1vrh\u00e1\u0159k\u00e9 d\u00edlny stylistky Lenky Pet\u0159\u00edkov\u00e9<\/li>\n<li style=\"text-align: left;\">ru\u010dn\u00ed pr\u00e1ce, vyrobeno v \u010cesk\u00e9 republice<\/li>\n<\/ul>","protected":false},"excerpt":{"rendered":"<p>sat\u00e9nov\u00e1 sukn\u011b z hedv\u00e1b\u00ed do spole\u010dnosti i na b\u011b\u017en\u00e9 no\u0161en\u00ed 100% hedv\u00e1b\u00ed \u2013 hedv\u00e1bn\u00fd sat\u00e9n&hellip;<\/p>","protected":false},"featured_media":3457,"comment_status":"closed","ping_status":"closed","template":"","meta":[],"product_brand":[],"product_cat":[50,52],"product_tag":[],"class_list":{"0":"post-3453","1":"product","2":"type-product","3":"status-publish","4":"has-post-thumbnail","6":"product_cat-wenus-limited-silk-collections","7":"product_cat-silk-skirts","9":"first","10":"onbackorder","11":"taxable","12":"shipping-taxable","13":"purchasable","14":"product-type-simple","15":"layout-style-1","16":"col-md-4 col-sm-4 col-xs-6","17":"col-lg-3","18":"product-has-gallery","19":"product-style-default"},"jetpack_sharing_enabled":true,"_links":{"self":[{"href":"https:\/\/wenusofficial.com\/en\/wp-json\/wp\/v2\/product\/3453","targetHints":{"allow":["GET"]}}],"collection":[{"href":"https:\/\/wenusofficial.com\/en\/wp-json\/wp\/v2\/product"}],"about":[{"href":"https:\/\/wenusofficial.com\/en\/wp-json\/wp\/v2\/types\/product"}],"replies":[{"embeddable":true,"href":"https:\/\/wenusofficial.com\/en\/wp-json\/wp\/v2\/comments?post=3453"}],"wp:featuredmedia":[{"embeddable":true,"href":"https:\/\/wenusofficial.com\/en\/wp-json\/wp\/v2\/media\/3457"}],"wp:attachment":[{"href":"https:\/\/wenusofficial.com\/en\/wp-json\/wp\/v2\/media?parent=3453"}],"wp:term":[{"taxonomy":"product_brand","embeddable":true,"href":"https:\/\/wenusofficial.com\/en\/wp-json\/wp\/v2\/product_brand?post=3453"},{"taxonomy":"product_cat","embeddable":true,"href":"https:\/\/wenusofficial.com\/en\/wp-json\/wp\/v2\/product_cat?post=3453"},{"taxonomy":"product_tag","embeddable":true,"href":"https:\/\/wenusofficial.com\/en\/wp-json\/wp\/v2\/product_tag?post=3453"}],"curies":[{"name":"wp","href":"https:\/\/api.w.org\/{rel}","templated":true}]}}