{"id":3432,"date":"2025-07-31T19:05:35","date_gmt":"2025-07-31T17:05:35","guid":{"rendered":"https:\/\/wenus.cz\/?post_type=product&#038;p=3432"},"modified":"2025-11-10T10:35:25","modified_gmt":"2025-11-10T09:35:25","slug":"silk-satin-wedding-gown","status":"publish","type":"product","link":"https:\/\/wenusofficial.com\/en\/product\/silk-satin-wedding-gown\/","title":{"rendered":"Silk Satin Wedding Gown"},"content":{"rendered":"<ul>\n<li style=\"text-align: left;\">sat\u00e9nov\u00e9 \u0161aty z hedv\u00e1b\u00ed<\/li>\n<li style=\"text-align: left;\">svatebn\u00ed \/ slavnostn\u00ed<\/li>\n<li style=\"text-align: left;\">100% hedv\u00e1b\u00ed \u2013 hedv\u00e1bn\u00fd sat\u00e9n<\/li>\n<li style=\"text-align: left;\">barva k\u0159i\u0161\u0165\u00e1lov\u011b b\u00edl\u00e1<\/li>\n<li style=\"text-align: left;\">na ram\u00ednka<\/li>\n<li style=\"text-align: left;\">v\u00fdst\u0159ih do V<\/li>\n<li style=\"text-align: left;\">d\u00e9lka LONG<\/li>\n<li style=\"text-align: left;\">mo\u017en\u00fd bo\u010dn\u00ed rozparek na objedn\u00e1vku<\/li>\n<li style=\"text-align: left;\">r\u016fzn\u00e9 barevn\u00e9 proveden\u00ed dle v\u00fdb\u011bru<\/li>\n<li style=\"text-align: left;\">velikost XS \u2013 XL, tyto \u0161aty \u0161ijeme exkluzivn\u011b p\u0159\u00edmo na m\u00edru<\/li>\n<li style=\"text-align: left;\">\u0161aty z n\u00e1vrh\u00e1\u0159k\u00e9 d\u00edlny stylistky Lenky Pet\u0159\u00edkov\u00e9<\/li>\n<li style=\"text-align: left;\">ru\u010dn\u00ed pr\u00e1ce, vyrobeno v \u010cesk\u00e9 republice<\/li>\n<\/ul>","protected":false},"excerpt":{"rendered":"<blockquote><p>&nbsp;<\/p><\/blockquote>","protected":false},"featured_media":3435,"comment_status":"closed","ping_status":"closed","template":"","meta":[],"product_brand":[],"product_cat":[65],"product_tag":[],"class_list":{"0":"post-3432","1":"product","2":"type-product","3":"status-publish","4":"has-post-thumbnail","6":"product_cat-silk-satin-dresses","8":"first","9":"onbackorder","10":"taxable","11":"shipping-taxable","12":"purchasable","13":"product-type-simple","14":"layout-style-1","15":"col-md-4 col-sm-4 col-xs-6","16":"col-lg-3","17":"product-has-gallery","18":"product-style-default"},"jetpack_sharing_enabled":true,"_links":{"self":[{"href":"https:\/\/wenusofficial.com\/en\/wp-json\/wp\/v2\/product\/3432","targetHints":{"allow":["GET"]}}],"collection":[{"href":"https:\/\/wenusofficial.com\/en\/wp-json\/wp\/v2\/product"}],"about":[{"href":"https:\/\/wenusofficial.com\/en\/wp-json\/wp\/v2\/types\/product"}],"replies":[{"embeddable":true,"href":"https:\/\/wenusofficial.com\/en\/wp-json\/wp\/v2\/comments?post=3432"}],"wp:featuredmedia":[{"embeddable":true,"href":"https:\/\/wenusofficial.com\/en\/wp-json\/wp\/v2\/media\/3435"}],"wp:attachment":[{"href":"https:\/\/wenusofficial.com\/en\/wp-json\/wp\/v2\/media?parent=3432"}],"wp:term":[{"taxonomy":"product_brand","embeddable":true,"href":"https:\/\/wenusofficial.com\/en\/wp-json\/wp\/v2\/product_brand?post=3432"},{"taxonomy":"product_cat","embeddable":true,"href":"https:\/\/wenusofficial.com\/en\/wp-json\/wp\/v2\/product_cat?post=3432"},{"taxonomy":"product_tag","embeddable":true,"href":"https:\/\/wenusofficial.com\/en\/wp-json\/wp\/v2\/product_tag?post=3432"}],"curies":[{"name":"wp","href":"https:\/\/api.w.org\/{rel}","templated":true}]}}