{"id":3120,"date":"2019-12-11T09:37:28","date_gmt":"2019-12-11T08:37:28","guid":{"rendered":"https:\/\/wenus.cz\/?post_type=product&#038;p=3120"},"modified":"2025-11-13T10:26:54","modified_gmt":"2025-11-13T09:26:54","slug":"silk-chiffon-asymmetric-top","status":"publish","type":"product","link":"https:\/\/wenusofficial.com\/en\/product\/silk-chiffon-asymmetric-top\/","title":{"rendered":"Silk Chiffon Asymmetric Top"},"content":{"rendered":"<p style=\"text-align: center;\"><strong>P\u00c9\u010cE A \u00daDR\u017dBA<\/strong><\/p>\n<p style=\"text-align: center;\">Perte pouze ru\u010dn\u011b v tepl\u00e9 vod\u011b (max. 30 \u00b0C) nebo p\u0159enechejte \u00fadr\u017ebu profesion\u00e1ln\u00ed \u010dist\u00edrn\u011b.<\/p>\n<p style=\"text-align: center;\">Pou\u017eijte p\u0159\u00edpravek na pran\u00ed hedv\u00e1b\u00ed, perte jemn\u011b, nedrhn\u011bte l\u00e1tku.<\/p>\n<p style=\"text-align: center;\">Pokud chcete hedv\u00e1b\u00ed \u017eehlit, tak pouze za vlhka!<\/p>\n<p style=\"text-align: center;\">Parn\u00ed \u017eehlen\u00ed nedoporu\u010dujeme z d\u016fvodu mo\u017en\u00e9ho zanech\u00e1n\u00ed skvrn z kapek vody.<\/p>\n<p style=\"text-align: center;\">Za p\u0159\u00edpadn\u00e9 nevhodn\u00e9 postupy p\u0159i pran\u00ed a \u017eehlen\u00ed neneseme zodpov\u011bdnost.<\/p>","protected":false},"excerpt":{"rendered":"<div class=\"woocommerce-product-details__short-description\">\n<p style=\"text-align: center;\"><b>Kolekce WENUS<\/b><\/p>\n<\/div>\n<p>&nbsp;<\/p>\n<div class=\"woocommerce-product-details__short-description\">\n<ul>\n<li style=\"text-align: left;\">n\u011b\u017en\u00fd top v designov\u00e9m st\u0159ihu<\/li>\n<li style=\"text-align: left;\">100% hedv\u00e1b\u00ed \u2013 hedv\u00e1bn\u00fd \u0161if\u00f3n<\/li>\n<li style=\"text-align: left;\">barva b\u00edl\u00e1<\/li>\n<li style=\"text-align: left;\">\u00fazk\u00e1 \u0161pagetov\u00e1 ram\u00ednka<\/li>\n<li style=\"text-align: left;\">asymetrick\u00fd st\u0159ih<\/li>\n<li style=\"text-align: left;\">velikost XS \u2013 XL, mo\u017enost u\u0161it\u00ed p\u0159\u00edmo na m\u00edru<\/li>\n<li style=\"text-align: left;\">\u0161aty z n\u00e1vrh\u00e1\u0159k\u00e9 d\u00edlny stylistky Lenky Pet\u0159\u00edkov\u00e9<\/li>\n<li style=\"text-align: left;\">ru\u010dn\u00ed pr\u00e1ce, vyrobeno v \u010cesk\u00e9 republice<\/li>\n<li style=\"text-align: left;\"><strong>20% z celkov\u00e9 \u010d\u00e1stky darujeme Azylov\u00e9 farm\u011b Jarikhanda z. s.<\/strong><\/li>\n<\/ul>\n<p>&nbsp;<\/p>\n<\/div>\n<p>D\u011bkujeme, \u017ee d\u011bl\u00e1te sv\u011bt kr\u00e1sn\u011bj\u0161\u00ed !<\/p>","protected":false},"featured_media":3121,"comment_status":"open","ping_status":"closed","template":"","meta":[],"product_brand":[],"product_cat":[50,15],"product_tag":[],"class_list":{"0":"post-3120","1":"product","2":"type-product","3":"status-publish","4":"has-post-thumbnail","6":"product_cat-wenus-limited-silk-collections","7":"product_cat-silk-tops","9":"first","10":"onbackorder","11":"featured","12":"purchasable","13":"product-type-variable","14":"layout-style-1","15":"col-md-4 col-sm-4 col-xs-6","16":"col-lg-3","17":"product-has-gallery","18":"product-style-default"},"jetpack_sharing_enabled":true,"_links":{"self":[{"href":"https:\/\/wenusofficial.com\/en\/wp-json\/wp\/v2\/product\/3120","targetHints":{"allow":["GET"]}}],"collection":[{"href":"https:\/\/wenusofficial.com\/en\/wp-json\/wp\/v2\/product"}],"about":[{"href":"https:\/\/wenusofficial.com\/en\/wp-json\/wp\/v2\/types\/product"}],"replies":[{"embeddable":true,"href":"https:\/\/wenusofficial.com\/en\/wp-json\/wp\/v2\/comments?post=3120"}],"wp:featuredmedia":[{"embeddable":true,"href":"https:\/\/wenusofficial.com\/en\/wp-json\/wp\/v2\/media\/3121"}],"wp:attachment":[{"href":"https:\/\/wenusofficial.com\/en\/wp-json\/wp\/v2\/media?parent=3120"}],"wp:term":[{"taxonomy":"product_brand","embeddable":true,"href":"https:\/\/wenusofficial.com\/en\/wp-json\/wp\/v2\/product_brand?post=3120"},{"taxonomy":"product_cat","embeddable":true,"href":"https:\/\/wenusofficial.com\/en\/wp-json\/wp\/v2\/product_cat?post=3120"},{"taxonomy":"product_tag","embeddable":true,"href":"https:\/\/wenusofficial.com\/en\/wp-json\/wp\/v2\/product_tag?post=3120"}],"curies":[{"name":"wp","href":"https:\/\/api.w.org\/{rel}","templated":true}]}}