{"id":3113,"date":"2025-11-11T09:07:43","date_gmt":"2025-11-11T08:07:43","guid":{"rendered":"https:\/\/wenus.cz\/?post_type=product&#038;p=3113"},"modified":"2025-11-13T10:36:10","modified_gmt":"2025-11-13T09:36:10","slug":"silk-chiffon-cropped-tie-blouse","status":"publish","type":"product","link":"https:\/\/wenusofficial.com\/en\/product\/silk-chiffon-cropped-tie-blouse\/","title":{"rendered":"Silk Chiffon Cropped Tie Blouse"},"content":{"rendered":"<p style=\"text-align: center;\"><strong>P<\/strong><\/p>\n<p><strong>Care &amp; Maintenance<\/strong><\/p>\n<p>We recommend gentle hand washing in lukewarm water (up to 30 \u00b0C) or professional dry cleaning for best results.<br \/>\nUse a mild detergent suitable for silk and handle the fabric with care \u2014 do not rub or wring.<\/p>\n<p>If ironing is necessary, do so only while the fabric is slightly damp.<br \/>\nSteam ironing is not recommended, as water droplets may leave marks.<\/p>\n<p>WENUS cannot be held responsible for any damage resulting from improper care or cleaning methods.<\/p>","protected":false},"excerpt":{"rendered":"<div class=\"woocommerce-product-details__short-description\">\n<div class=\"woocommerce-product-details__short-description\">\n<p style=\"text-align: center;\"><b>Kolekce WENUS<\/b><\/p>\n<\/div>\n<p>&nbsp;<\/p>\n<\/div>\n<div class=\"woocommerce-product-details__short-description\">\n<div class=\"woocommerce-product-details__short-description\">\n<ul>\n<li style=\"text-align: left;\">romantick\u00fd kr\u00e1tk\u00fd mini top<\/li>\n<li style=\"text-align: left;\">100% hedv\u00e1b\u00ed \u2013 hedv\u00e1bn\u00fd \u0161if\u00f3n<\/li>\n<li style=\"text-align: left;\">barva sv\u011btle modr\u00e1<\/li>\n<li style=\"text-align: left;\">v\u00fdst\u0159ih na gumi\u010dku, varabiln\u00ed no\u0161en\u00ed<\/li>\n<li style=\"text-align: left;\">v pase na gumi\u010dku s ozdobn\u00fdm \u0159asen\u00edm<\/li>\n<li style=\"text-align: left;\">krat\u0161\u00ed bohat\u011b \u0159asen\u00e9 ruk\u00e1vy<\/li>\n<li style=\"text-align: left;\">velikost XS \u2013 XL, mo\u017enost u\u0161it\u00ed p\u0159\u00edmo na m\u00edru<\/li>\n<li style=\"text-align: left;\">\u0161aty z n\u00e1vrh\u00e1\u0159k\u00e9 d\u00edlny stylistky Lenky Pet\u0159\u00edkov\u00e9<\/li>\n<li style=\"text-align: left;\">ru\u010dn\u00ed pr\u00e1ce, vyrobeno v \u010cesk\u00e9 republice<\/li>\n<li style=\"text-align: left;\"><strong>20% z celkov\u00e9 \u010d\u00e1stky darujeme Azylov\u00e9 farm\u011b Jarikhanda z. s.<\/strong><\/li>\n<\/ul>\n<\/div>\n<\/div>\n<p>&nbsp;<\/p>\n<p>D\u011bkujeme, \u017ee d\u011bl\u00e1te sv\u011bt kr\u00e1sn\u011bj\u0161\u00ed !<\/p>\n<p>&nbsp;<\/p>","protected":false},"featured_media":3150,"comment_status":"open","ping_status":"closed","template":"","meta":[],"product_brand":[],"product_cat":[50,15],"product_tag":[],"class_list":{"0":"post-3113","1":"product","2":"type-product","3":"status-publish","4":"has-post-thumbnail","6":"product_cat-wenus-limited-silk-collections","7":"product_cat-silk-tops","9":"first","10":"onbackorder","11":"purchasable","12":"product-type-variable","13":"layout-style-1","14":"col-md-4 col-sm-4 col-xs-6","15":"col-lg-3","16":"product-has-gallery","17":"product-style-default"},"jetpack_sharing_enabled":true,"_links":{"self":[{"href":"https:\/\/wenusofficial.com\/en\/wp-json\/wp\/v2\/product\/3113","targetHints":{"allow":["GET"]}}],"collection":[{"href":"https:\/\/wenusofficial.com\/en\/wp-json\/wp\/v2\/product"}],"about":[{"href":"https:\/\/wenusofficial.com\/en\/wp-json\/wp\/v2\/types\/product"}],"replies":[{"embeddable":true,"href":"https:\/\/wenusofficial.com\/en\/wp-json\/wp\/v2\/comments?post=3113"}],"wp:featuredmedia":[{"embeddable":true,"href":"https:\/\/wenusofficial.com\/en\/wp-json\/wp\/v2\/media\/3150"}],"wp:attachment":[{"href":"https:\/\/wenusofficial.com\/en\/wp-json\/wp\/v2\/media?parent=3113"}],"wp:term":[{"taxonomy":"product_brand","embeddable":true,"href":"https:\/\/wenusofficial.com\/en\/wp-json\/wp\/v2\/product_brand?post=3113"},{"taxonomy":"product_cat","embeddable":true,"href":"https:\/\/wenusofficial.com\/en\/wp-json\/wp\/v2\/product_cat?post=3113"},{"taxonomy":"product_tag","embeddable":true,"href":"https:\/\/wenusofficial.com\/en\/wp-json\/wp\/v2\/product_tag?post=3113"}],"curies":[{"name":"wp","href":"https:\/\/api.w.org\/{rel}","templated":true}]}}