{"id":3076,"date":"2019-12-11T02:11:25","date_gmt":"2019-12-11T01:11:25","guid":{"rendered":"https:\/\/wenus.cz\/?post_type=product&#038;p=3076"},"modified":"2025-11-13T10:34:48","modified_gmt":"2025-11-13T09:34:48","slug":"silk-chiffon-elegant-blouse","status":"publish","type":"product","link":"https:\/\/wenusofficial.com\/en\/product\/silk-chiffon-elegant-blouse\/","title":{"rendered":"Silk Chiffon Elegant Blouse"},"content":{"rendered":"<p style=\"text-align: left;\"><strong>Care &amp; Maintenance<\/strong><\/p>\n<p style=\"text-align: left;\">We recommend gentle hand washing in lukewarm water (up to 30 \u00b0C) or professional dry cleaning for best results.<br \/>\nUse a mild detergent suitable for silk and handle the fabric with care \u2014 do not rub or wring.<\/p>\n<p style=\"text-align: left;\">If ironing is necessary, do so only while the fabric is slightly damp.<br \/>\nSteam ironing is not recommended, as water droplets may leave marks.<\/p>\n<p style=\"text-align: left;\">WENUS cannot be held responsible for any damage resulting from improper care or cleaning methods.<\/p>","protected":false},"excerpt":{"rendered":"<div class=\"woocommerce-product-details__short-description\">\n<blockquote>\n<p style=\"text-align: center;\"><strong><b>Kolekce WENUS<\/b><\/strong><\/p>\n<\/blockquote>\n<\/div>\n<p>&nbsp;<\/p>\n<div class=\"woocommerce-product-details__short-description\" style=\"text-align: left;\">\n<p style=\"text-align: left;\">\n<\/div>\n<div class=\"woocommerce-product-details__short-description\">\n<ul>\n<li style=\"text-align: left;\">elegantn\u00ed halenka v nad\u010dasov\u00e9m st\u0159ihu<\/li>\n<li style=\"text-align: left;\">100% hedv\u00e1b\u00ed \u2013 hedv\u00e1bn\u00fd \u0161if\u00f3n<\/li>\n<li style=\"text-align: left;\">barva tmav\u011b fialov\u00e1<\/li>\n<li style=\"text-align: left;\">v\u00fdst\u0159ih do V, dlouh\u00fd ruk\u00e1v<\/li>\n<li style=\"text-align: left;\">z\u00e1da a ruk\u00e1vy jsou transparentn\u00ed<\/li>\n<li style=\"text-align: left;\">sou\u010d\u00e1st\u00ed topu je p\u00e1sek\/stuha ze stejn\u00e9ho materi\u00e1lu<\/li>\n<li style=\"text-align: left;\">p\u00e1sek lze v\u00e1zat zep\u0159edu i zezadu, na ma\u0161li i\u00a0 jednoduchou stuhu<\/li>\n<li style=\"text-align: left;\">velikost XS \u2013 XL, mo\u017enost u\u0161it\u00ed p\u0159\u00edmo na m\u00edru<\/li>\n<li style=\"text-align: left;\">\u0161aty z n\u00e1vrh\u00e1\u0159k\u00e9 d\u00edlny stylistky Lenky Pet\u0159\u00edkov\u00e9<\/li>\n<li style=\"text-align: left;\">ru\u010dn\u00ed pr\u00e1ce, vyrobeno v \u010cesk\u00e9 republice<\/li>\n<li style=\"text-align: left;\"><strong>20% z celkov\u00e9 \u010d\u00e1stky darujeme Azylov\u00e9 farm\u011b Jarikhanda z. s.<\/strong><\/li>\n<\/ul>\n<p>&nbsp;<\/p>\n<p>D\u011bkujeme, \u017ee d\u011bl\u00e1te sv\u011bt kr\u00e1sn\u011bj\u0161\u00ed !<\/p>\n<\/div>\n<p>&nbsp;<\/p>","protected":false},"featured_media":3074,"comment_status":"open","ping_status":"closed","template":"","meta":[],"product_brand":[],"product_cat":[50,15],"product_tag":[],"class_list":{"0":"post-3076","1":"product","2":"type-product","3":"status-publish","4":"has-post-thumbnail","6":"product_cat-wenus-limited-silk-collections","7":"product_cat-silk-tops","9":"first","10":"onbackorder","11":"purchasable","12":"product-type-variable","13":"layout-style-1","14":"col-md-4 col-sm-4 col-xs-6","15":"col-lg-3","16":"product-has-gallery","17":"product-style-default"},"jetpack_sharing_enabled":true,"_links":{"self":[{"href":"https:\/\/wenusofficial.com\/en\/wp-json\/wp\/v2\/product\/3076","targetHints":{"allow":["GET"]}}],"collection":[{"href":"https:\/\/wenusofficial.com\/en\/wp-json\/wp\/v2\/product"}],"about":[{"href":"https:\/\/wenusofficial.com\/en\/wp-json\/wp\/v2\/types\/product"}],"replies":[{"embeddable":true,"href":"https:\/\/wenusofficial.com\/en\/wp-json\/wp\/v2\/comments?post=3076"}],"wp:featuredmedia":[{"embeddable":true,"href":"https:\/\/wenusofficial.com\/en\/wp-json\/wp\/v2\/media\/3074"}],"wp:attachment":[{"href":"https:\/\/wenusofficial.com\/en\/wp-json\/wp\/v2\/media?parent=3076"}],"wp:term":[{"taxonomy":"product_brand","embeddable":true,"href":"https:\/\/wenusofficial.com\/en\/wp-json\/wp\/v2\/product_brand?post=3076"},{"taxonomy":"product_cat","embeddable":true,"href":"https:\/\/wenusofficial.com\/en\/wp-json\/wp\/v2\/product_cat?post=3076"},{"taxonomy":"product_tag","embeddable":true,"href":"https:\/\/wenusofficial.com\/en\/wp-json\/wp\/v2\/product_tag?post=3076"}],"curies":[{"name":"wp","href":"https:\/\/api.w.org\/{rel}","templated":true}]}}