{"id":336,"date":"2016-08-23T06:28:43","date_gmt":"2016-08-23T06:28:43","guid":{"rendered":"http:\/\/demo.uix.store\/sober\/?page_id=336"},"modified":"2026-02-07T17:51:46","modified_gmt":"2026-02-07T16:51:46","slug":"contact","status":"publish","type":"page","link":"https:\/\/wenusofficial.com\/en\/contact\/","title":{"rendered":"Contact"},"content":{"rendered":"<div class=\"vc_row wpb_row vc_row-fluid vc_custom_1480664533097\"><div class=\"wpb_column vc_column_container vc_col-sm-12 vc_col-lg-offset-2 vc_col-lg-8 vc_col-md-offset-0 vc_col-md-12 vc_col-sm-offset-0\"><div class=\"vc_column-inner\"><div class=\"wpb_wrapper\">\n\t<div class=\"wpb_text_column wpb_content_element  vc_custom_1770483103209\" >\n\t\t<div class=\"wpb_wrapper\">\n\t\t\t<p>Our <strong>WENUS<\/strong> <strong>Customer Care<\/strong> team is at your service <strong>Monday through Saturday<\/strong>, <strong>10:00 AM \u2013 6:00 PM<\/strong>.<\/p>\n<p>We are delighted to assist with any inquiries and provide personalized guidance for your orders.<\/p>\n<p>Exclusive services available in <strong>Porto Cervo<\/strong> by appointment.<\/p>\n\n\t\t<\/div>\n\t<\/div>\n<div class=\"sober-contact-box\"><div class=\"contact-info\">\r\n\t\t\t\t\t<svg width=\"20\" height=\"20\" class=\"info-icon\"><use xlink:href=\"#home\"><\/use><\/svg>\r\n\t\t\t\t\t<span class=\"info-name\">Address<\/span>\r\n\t\t\t\t\t<span class=\"info-value\">Sadov\u00e1 2, 760 01 Zl\u00edn, I\u010c: 87167441<\/span>\r\n\t\t\t\t<\/div> <div class=\"contact-info\">\r\n\t\t\t\t\t<svg width=\"20\" height=\"20\" class=\"info-icon\"><use xlink:href=\"#phone\"><\/use><\/svg>\r\n\t\t\t\t\t<span class=\"info-name\">Phone<\/span>\r\n\t\t\t\t\t<span class=\"info-value\"><a href=\"tel:+420 777557575\">+420 777557575<\/a><\/span>\r\n\t\t\t\t<\/div> <div class=\"contact-info\">\r\n\t\t\t\t\t<svg width=\"20\" height=\"20\" class=\"info-icon\"><use xlink:href=\"#mail\"><\/use><\/svg>\r\n\t\t\t\t\t<span class=\"info-name\">Email<\/span>\r\n\t\t\t\t\t<span class=\"info-value\"><a href=\"mailto:info@wenus.cz\">info@wenus.cz<\/a><\/span>\r\n\t\t\t\t<\/div> <div class=\"contact-info\">\r\n\t\t\t\t\t<i class=\"info-icon fa fa-globe\"><\/i>\r\n\t\t\t\t\t<span class=\"info-name\">Website<\/span>\r\n\t\t\t\t\t<span class=\"info-value\"><a href=\"https:\/\/wenusofficial.com\/en\/\" target=\"_blank\" rel=\"nofollow\">www.wenusofficial.com<\/a><\/span>\r\n\t\t\t\t<\/div><\/div><\/div><\/div><\/div><\/div><div data-vc-full-width=\"true\" data-vc-full-width-init=\"false\" data-vc-stretch-content=\"true\" class=\"vc_row wpb_row vc_row-fluid vc_custom_1480663700614 vc_row-has-fill vc_row-no-padding\"><div class=\"wpb_column vc_column_container vc_col-sm-12 vc_col-lg-6 vc_col-md-12\"><div class=\"vc_column-inner\"><div class=\"wpb_wrapper\"><div class=\"wpb_gmaps_widget wpb_content_element\">\n\t\t<div class=\"wpb_wrapper\">\n\t\t<div class=\"wpb_map_wraper\">\n\t\t\t<iframe loading=\"lazy\" src=\"https:\/\/www.google.com\/maps\/embed?pb=!1m18!1m12!1m3!1d166744.66503667017!2d17.536421676098218!3d49.231182014871756!2m3!1f0!2f0!3f0!3m2!1i1024!2i768!4f13.1!3m3!1m2!1s0x47130cad4c888e0d%3A0x418d4c16a8ac214f!2zWmzDrW4!5e0!3m2!1scs!2scz!4v1570635126399!5m2!1scs!2scz\" width=\"600\" height=\"450\" frameborder=\"0\" style=\"border:0;\" allowfullscreen=\"\"><\/iframe>\t\t<\/div>\n\t<\/div>\n<\/div>\n<\/div><\/div><\/div><div class=\"contact-form wpb_column vc_column_container vc_col-sm-12 vc_col-lg-6 vc_col-md-12\"><div class=\"vc_column-inner\"><div class=\"wpb_wrapper\"><h2 style=\"font-size: 32px;text-align: left\" class=\"vc_custom_heading vc_custom_1762616012036 text-left\">Contact Us<\/h2>\n<div class=\"wpcf7 no-js\" id=\"wpcf7-f337-o1\" lang=\"en-US\" dir=\"ltr\" data-wpcf7-id=\"337\">\n<div class=\"screen-reader-response\"><p role=\"status\" aria-live=\"polite\" aria-atomic=\"true\"><\/p> <ul><\/ul><\/div>\n<form action=\"\/en\/wp-json\/wp\/v2\/pages\/336#wpcf7-f337-o1\" method=\"post\" class=\"wpcf7-form init\" aria-label=\"Contact form\" novalidate=\"novalidate\" data-status=\"init\" data-trp-original-action=\"\/en\/wp-json\/wp\/v2\/pages\/336#wpcf7-f337-o1\">\n<fieldset class=\"hidden-fields-container\"><input type=\"hidden\" name=\"_wpcf7\" value=\"337\" \/><input type=\"hidden\" name=\"_wpcf7_version\" value=\"6.1.5\" \/><input type=\"hidden\" name=\"_wpcf7_locale\" value=\"en_US\" \/><input type=\"hidden\" name=\"_wpcf7_unit_tag\" value=\"wpcf7-f337-o1\" \/><input type=\"hidden\" name=\"_wpcf7_container_post\" value=\"0\" \/><input type=\"hidden\" name=\"_wpcf7_posted_data_hash\" value=\"\" \/>\n<\/fieldset>\n<p><span class=\"wpcf7-form-control-wrap\" data-name=\"your-name\"><input size=\"40\" maxlength=\"400\" class=\"wpcf7-form-control wpcf7-text wpcf7-validates-as-required\" aria-required=\"true\" aria-invalid=\"false\" placeholder=\"Name\" value=\"\" type=\"text\" name=\"your-name\" \/><\/span>\n<\/p>\n<p><span class=\"wpcf7-form-control-wrap\" data-name=\"your-email\"><input size=\"40\" maxlength=\"400\" class=\"wpcf7-form-control wpcf7-email wpcf7-validates-as-required wpcf7-text wpcf7-validates-as-email\" aria-required=\"true\" aria-invalid=\"false\" placeholder=\"Email\" value=\"\" type=\"email\" name=\"your-email\" \/><\/span>\n<\/p>\n<p><span class=\"wpcf7-form-control-wrap\" data-name=\"your-subject\"><input size=\"40\" maxlength=\"400\" class=\"wpcf7-form-control wpcf7-text\" aria-invalid=\"false\" placeholder=\"Subject\" value=\"\" type=\"text\" name=\"your-subject\" \/><\/span>\n<\/p>\n<p><span class=\"wpcf7-form-control-wrap\" data-name=\"your-message\"><textarea cols=\"40\" rows=\"10\" maxlength=\"2000\" class=\"wpcf7-form-control wpcf7-textarea\" aria-invalid=\"false\" placeholder=\"Message\" name=\"your-message\"><\/textarea><\/span>\n<\/p>\n<p><input class=\"wpcf7-form-control wpcf7-submit has-spinner button\" type=\"submit\" value=\"Send\" \/>\n<\/p><div class=\"wpcf7-response-output\" aria-hidden=\"true\"><\/div>\n<input type=\"hidden\" name=\"trp-form-language\" value=\"en\"\/><\/form>\n<\/div>\n<\/div><\/div><\/div><\/div><div class=\"vc_row-full-width vc_clearfix\"><\/div>","protected":false},"excerpt":{"rendered":"Our WENUS Customer Care team is at your service Monday through Saturday, 10:00 AM \u2013&hellip;","protected":false},"author":1,"featured_media":3757,"parent":0,"menu_order":0,"comment_status":"closed","ping_status":"closed","template":"","meta":{"footnotes":""},"class_list":["post-336","page","type-page","status-publish","has-post-thumbnail","hentry"],"jetpack_sharing_enabled":true,"_links":{"self":[{"href":"https:\/\/wenusofficial.com\/en\/wp-json\/wp\/v2\/pages\/336","targetHints":{"allow":["GET"]}}],"collection":[{"href":"https:\/\/wenusofficial.com\/en\/wp-json\/wp\/v2\/pages"}],"about":[{"href":"https:\/\/wenusofficial.com\/en\/wp-json\/wp\/v2\/types\/page"}],"author":[{"embeddable":true,"href":"https:\/\/wenusofficial.com\/en\/wp-json\/wp\/v2\/users\/1"}],"replies":[{"embeddable":true,"href":"https:\/\/wenusofficial.com\/en\/wp-json\/wp\/v2\/comments?post=336"}],"version-history":[{"count":23,"href":"https:\/\/wenusofficial.com\/en\/wp-json\/wp\/v2\/pages\/336\/revisions"}],"predecessor-version":[{"id":3964,"href":"https:\/\/wenusofficial.com\/en\/wp-json\/wp\/v2\/pages\/336\/revisions\/3964"}],"wp:featuredmedia":[{"embeddable":true,"href":"https:\/\/wenusofficial.com\/en\/wp-json\/wp\/v2\/media\/3757"}],"wp:attachment":[{"href":"https:\/\/wenusofficial.com\/en\/wp-json\/wp\/v2\/media?parent=336"}],"curies":[{"name":"wp","href":"https:\/\/api.w.org\/{rel}","templated":true}]}}